{"id":99959,"date":"2026-02-13T09:35:31","date_gmt":"2026-02-13T09:35:31","guid":{"rendered":"https:\/\/hi-techwonder.com\/product\/nisi-objetiva-250mm-f-5-6-reflex-mf\/"},"modified":"2026-04-08T12:29:02","modified_gmt":"2026-04-08T11:29:02","slug":"nisi-objetiva-250mm-f-5-6-reflex-mf","status":"publish","type":"product","link":"https:\/\/hi-techwonder.com\/es\/producto\/nisi-objetiva-250mm-f-5-6-reflex-mf\/","title":{"rendered":"NiSi Objetivo 250mm f\/5.6 Reflex MF &#8211; Canon RF"},"content":{"rendered":"\n<h2 id=\"wd-303bb3a6\" class=\"wp-block-wd-title title\">NiSi Objetivo 250mm f\/5.6 Reflex MF<\/h2>\n\n\n\n<div id=\"wd-692fe26f\" class=\"wp-block-wd-video wd-el-video wd-action-without wd-video-external wd-with-aspect-ratio wd-custom-width\"><iframe allowfullscreen allow=\"accelerometer; autoplay; encrypted-media; gyroscope; picture-in-picture\" width=\"100%\" height=\"100%\" loading=\"lazy\" src=\"https:\/\/www.youtube.com\/embed\/LD1JjLshteo?feature=oembed&amp;controls=1\"><\/iframe><\/div>\n\n\n\n<p id=\"wd-349731a1\" class=\"wp-block-wd-paragraph\">Presentamos el nuevo objetivo NiSi 250mm f\/5.6 Reflex MF. Este precioso objetivo manual rinde homenaje al ic\u00f3nico Minolta RF Rokkor-X 250mm F5.6 y lleva el dise\u00f1o \u00f3ptico de Minolta al siglo XXI con la calidad \u00f3ptica NiSi.<\/p>\n\n\n\n<p id=\"wd-c2b88fc6\" class=\"wp-block-wd-paragraph\">Con una longitud focal full-frame de 250 mm y una abertura fija de f\/5,6, este objetivo es perfecto para capturar fondos fascinantes y crear una fuerte sensaci\u00f3n de compresi\u00f3n en sus im\u00e1genes. El avanzado dise\u00f1o \u00f3ptico incorpora 6 elementos en 3 grupos, incluido un revestimiento diel\u00e9ctrico de alta reflexi\u00f3n de 48 capas y un revestimiento de reflexi\u00f3n ultrabaja, lo que garantiza una calidad de imagen superior con una aberraci\u00f3n crom\u00e1tica reducida y colores vivos.<\/p>\n\n\n\n<h4 id=\"wd-8f5d6c5f\" class=\"wp-block-wd-title title\">Dise\u00f1o CAT<\/h4>\n\n\n\n<p id=\"wd-9bcebd4d\" class=\"wp-block-wd-paragraph\">El dise\u00f1o b\u00e1sico existe desde hace 200 a\u00f1os y se desarroll\u00f3 originalmente para telescopios y para proyectar haces de luz. Los teleobjetivos refractores convencionales son inherentemente muy largos, pero al utilizar un conjunto de espejos curvos, un teleobjetivo \u00f3pticamente largo puede ocupar muy poco espacio.<\/p>\n\n\n\n<p id=\"wd-4703c073\" class=\"wp-block-wd-paragraph\">De hecho, el dise\u00f1o utiliza tanto espejos (catadi\u00f3ptrico) como \u00f3ptica refractiva (di\u00f3ptrico), por lo que los objetivos de este tipo se conocen como catadi\u00f3ptricos y a menudo se denominan &#8220;CAT&#8221;.<\/p>\n\n\n\n<h4 id=\"wd-987879e0\" class=\"wp-block-wd-title title\">Impresionismo fotogr\u00e1fico<\/h4>\n\n\n\n<p id=\"wd-3ccb2b14\" class=\"wp-block-wd-paragraph\">Los efectos de desenfoque de doble l\u00ednea crean una sensaci\u00f3n fant\u00e1stica, a medio camino entre un sue\u00f1o y las pinceladas art\u00edsticas de las pinturas al \u00f3leo. Las fotograf\u00edas adquieren contornos impresionistas, como los \u00f3leos de alta definici\u00f3n de Monet, en los que son visibles los detalles de las pinceladas.<\/p>\n\n\n\n<h4 id=\"wd-39c57b94\" class=\"wp-block-wd-title title\">Caracter\u00edsticas principales:<\/h4>\n\n\n\n<ul class=\"wp-block-list\">\n<li>El diafragma F5,6 es una &#8220;combinaci\u00f3n de oro&#8221; para la distancia focal de 250 mm. Si la distancia focal es demasiado corta, la profundidad de campo es demasiado grande y el desenfoque del fondo no es evidente, las caracter\u00edsticas &#8220;donut&#8221; y bokeh bilineal no son fuertes.<\/li>\n\n\n\n<li>El &#8220;donut&#8221; es m\u00e1s prominente, con buena definici\u00f3n, poca profundidad de campo y donuts n\u00edtidos desde el tama\u00f1o m\u00ednimo al m\u00e1ximo, lo que da lugar a una estratificaci\u00f3n m\u00e1s rica.<\/li>\n\n\n\n<li>Las caracter\u00edsticas bilineales del bokeh son m\u00e1s pronunciadas, con una sensaci\u00f3n de pinceladas.<\/li>\n\n\n\n<li>El cristal \u00f3ptico y los revestimientos especiales garantizan que la imagen sea transparente, con un ligero tono c\u00e1lido, colores vivos, una imagen limpia y una sensaci\u00f3n de pintura al \u00f3leo m\u00e1s atmosf\u00e9rica.<\/li>\n\n\n\n<li>El \u00e1ngulo del anillo de enfoque se ha aumentado a 270 grados, como en los objetivos de cine, lo que hace que el enfoque sea m\u00e1s preciso, f\u00e1cil y sencillo.<\/li>\n<\/ul>\n\n\n\n<p>El objetivo viene equipado con un parasol extra\u00edble y un anillo de bayoneta para garantizar su impermeabilidad.<\/p>\n\n\n\n<div id=\"wd-a79f04c5\" class=\"wp-block-wd-gallery wd-grid-g wd-caption-mask\" style=\"--wd-col-lg:3;--wd-col-md:3;--wd-col-sm:1;--wd-gap-lg:10px;\">\n<div id=\"wd-31eef720\" class=\"wp-block-wd-gallery-item wd-col\"><div class=\"wd-block-image\"><img decoding=\"async\" class=\"wp-image-29198\" src=\"https:\/\/hi-techwonder.com\/wp-content\/themes\/woodmart\/images\/lazy.svg\" data-src=\"https:\/\/nisioptics.pt\/wp-content\/uploads\/2024\/06\/Su-HongYun-5-300x200.jpg\" alt=\"\"><\/div><\/div>\n\n\n\n<div id=\"wd-eee6e4f1\" class=\"wp-block-wd-gallery-item wd-col\"><div class=\"wd-block-image\"><img decoding=\"async\" class=\"wp-image-29188\" src=\"https:\/\/hi-techwonder.com\/wp-content\/themes\/woodmart\/images\/lazy.svg\" data-src=\"https:\/\/nisioptics.pt\/wp-content\/uploads\/2024\/06\/FanYi-1-300x300.jpg\" alt=\"\"><\/div><\/div>\n\n\n\n<div id=\"wd-59fac4fb\" class=\"wp-block-wd-gallery-item wd-col\"><div class=\"wd-block-image\"><img decoding=\"async\" class=\"wp-image-29196\" src=\"https:\/\/hi-techwonder.com\/wp-content\/themes\/woodmart\/images\/lazy.svg\" data-src=\"https:\/\/nisioptics.pt\/wp-content\/uploads\/2024\/06\/Su-HongYun-2-300x200.jpg\" alt=\"\"><\/div><\/div>\n\n\n\n<div id=\"wd-d33d7bb4\" class=\"wp-block-wd-gallery-item wd-col\"><div class=\"wd-block-image\"><img decoding=\"async\" class=\"wp-image-29194\" src=\"https:\/\/hi-techwonder.com\/wp-content\/themes\/woodmart\/images\/lazy.svg\" data-src=\"https:\/\/nisioptics.pt\/wp-content\/uploads\/2024\/06\/Magda-Wasiczek-22-200x300.jpg\" alt=\"\"><\/div><\/div>\n\n\n\n<div id=\"wd-f651c324\" class=\"wp-block-wd-gallery-item wd-col\"><div class=\"wd-block-image\"><img decoding=\"async\" class=\"wp-image-29192\" src=\"https:\/\/hi-techwonder.com\/wp-content\/themes\/woodmart\/images\/lazy.svg\" data-src=\"https:\/\/nisioptics.pt\/wp-content\/uploads\/2024\/06\/Magda-Wasiczek-3-200x300.jpg\" alt=\"\"><\/div><\/div>\n\n\n\n<div id=\"wd-7d954d0c\" class=\"wp-block-wd-gallery-item wd-col\"><div class=\"wd-block-image\"><img decoding=\"async\" class=\"wp-image-29190\" src=\"https:\/\/hi-techwonder.com\/wp-content\/themes\/woodmart\/images\/lazy.svg\" data-src=\"https:\/\/nisioptics.pt\/wp-content\/uploads\/2024\/06\/LIU-HU-1-200x300.jpg\" alt=\"\"><\/div><\/div>\n<\/div>\n\n\n\n<h4 id=\"wd-a6f982f4\" class=\"wp-block-wd-title title\">Especificaciones<\/h4>\n\n\n\n<figure class=\"wp-block-table\"><table class=\"has-fixed-layout\"><tbody><tr><td>Longitud focal<\/td><td>250mm<\/td><\/tr><tr><td>Apertura<\/td><td>f\/5,6<\/td><\/tr><tr><td>Distancia m\u00ednima de enfoque<\/td><td>2 metros<\/td><\/tr><tr><td>Tipo de enfoque<\/td><td>Focagem manual<\/td><\/tr><tr><td>Rotaci\u00f3n del anillo de enfoque<\/td><td>270\u00ba<\/td><\/tr><tr><td>Rosca de filtro<\/td><td>62mm<\/td><\/tr><tr><td>Dise\u00f1o \u00f3ptico<\/td><td>6 elementos en 3 grupos<\/td><\/tr><tr><td>Magnificaci\u00f3n<\/td><td>0,14x<\/td><\/tr><tr><td>\u00c1ngulo de visi\u00f3n (en Full Frame)<\/td><td>9,7\u00ba<\/td><\/tr><tr><td>Revestimientos \u00f3pticos<\/td><td>48 capas diel\u00e9ctricas alta reflexi\u00f3n + baja reflexi\u00f3n<\/td><\/tr><tr><td>Montura<\/td><td>Canon RF<\/td><\/tr><\/tbody><\/table><\/figure>\n\n\n\n<p><\/p>\n","protected":false},"excerpt":{"rendered":"<ul>\n<li>Dise\u00f1o retro<\/li>\n<li>Apertura f\/5,6<\/li>\n<li>Dise\u00f1o \u00f3ptico r\u00e9flex CAT<\/li>\n<li>Efecto de pintura impresionista<\/li>\n<\/ul>\n","protected":false},"featured_media":99961,"comment_status":"open","ping_status":"closed","template":"","meta":{"_acf_changed":false},"product_brand":[2543],"product_cat":[1062],"product_tag":[],"class_list":{"0":"post-99959","1":"product","2":"type-product","3":"status-publish","4":"has-post-thumbnail","6":"product_brand-nisioptics-es","7":"product_cat-mirrorless-objectivos","8":"pa_abertura-maxima-f-5-6-es","9":"pa_cor-negro","10":"pa_designs-especiais-reflex-es","11":"pa_diametro-62mm-es","12":"pa_estabilizacao-de-imagem-no","13":"pa_montagem-da-objetiva-canon-rf-es","14":"pa_sensor-fotograma-completo","15":"pa_tipo-de-foco-enfoque-manual","16":"pa_tipo-de-objetiva-teleobjetivo","17":"pa_zoom-fixa-fijo","19":"first","20":"instock","21":"taxable","22":"shipping-taxable","23":"purchasable","24":"product-type-simple"},"bundled_by":[],"bundle_stock_status":"instock","bundle_stock_quantity":1,"bundle_virtual":false,"bundle_layout":"","bundle_add_to_cart_form_location":"","bundle_editable_in_cart":false,"bundle_sold_individually_context":"","bundle_item_grouping":"","bundle_min_size":"","bundle_max_size":"","bundle_price":[],"bundled_items":[],"bundle_sell_ids":[],"acf":[],"_links":{"self":[{"href":"https:\/\/hi-techwonder.com\/es\/wp-json\/wp\/v2\/product\/99959","targetHints":{"allow":["GET"]}}],"collection":[{"href":"https:\/\/hi-techwonder.com\/es\/wp-json\/wp\/v2\/product"}],"about":[{"href":"https:\/\/hi-techwonder.com\/es\/wp-json\/wp\/v2\/types\/product"}],"replies":[{"embeddable":true,"href":"https:\/\/hi-techwonder.com\/es\/wp-json\/wp\/v2\/comments?post=99959"}],"wp:featuredmedia":[{"embeddable":true,"href":"https:\/\/hi-techwonder.com\/es\/wp-json\/wp\/v2\/media\/99961"}],"wp:attachment":[{"href":"https:\/\/hi-techwonder.com\/es\/wp-json\/wp\/v2\/media?parent=99959"}],"wp:term":[{"taxonomy":"product_brand","embeddable":true,"href":"https:\/\/hi-techwonder.com\/es\/wp-json\/wp\/v2\/product_brand?post=99959"},{"taxonomy":"product_cat","embeddable":true,"href":"https:\/\/hi-techwonder.com\/es\/wp-json\/wp\/v2\/product_cat?post=99959"},{"taxonomy":"product_tag","embeddable":true,"href":"https:\/\/hi-techwonder.com\/es\/wp-json\/wp\/v2\/product_tag?post=99959"}],"curies":[{"name":"wp","href":"https:\/\/api.w.org\/{rel}","templated":true}]}}