{"id":99988,"date":"2026-02-12T17:44:32","date_gmt":"2026-02-12T17:44:32","guid":{"rendered":"https:\/\/hi-techwonder.com\/product\/om-system-e-m5-mark-iii-corpo-usada\/"},"modified":"2026-02-16T11:42:42","modified_gmt":"2026-02-16T11:42:42","slug":"om-system-e-m5-mark-iii-corpo-usada","status":"publish","type":"product","link":"https:\/\/hi-techwonder.com\/es\/producto\/om-system-e-m5-mark-iii-corpo-usada\/","title":{"rendered":"OM System O-M5 Mark II &#8211; Corpo (Usada)"},"content":{"rendered":"<h4><strong>Caracter\u00edsticas principales:<\/strong><\/h4>\n<ul>\n<li>Sensor Live MOS Micro Cuatro Tercios de 20,4 MP<\/li>\n<li>Procesador de imagen TruePic IX<\/li>\n<li>Grabaci\u00f3n de v\u00eddeo DCI 4K a 24p y UHD 4K a 30p<\/li>\n<li>Estabilizaci\u00f3n de imagen por desplazamiento del sensor en 5 ejes<\/li>\n<li>Construcci\u00f3n sellada contra las inclemencias meteorol\u00f3gicas con clasificaci\u00f3n IP53<\/li>\n<li>Enfoque autom\u00e1tico h\u00edbrido con 121 puntos de detecci\u00f3n por contraste y fase<\/li>\n<li>Ranura para tarjeta de memoria SD<\/li>\n<li>Visor electr\u00f3nico OLED de 2,36 millones de puntos a la altura de los ojos<\/li>\n<li>Pantalla t\u00e1ctil de 3,0\u2033 con \u00e1ngulo variable y 1,04 millones de puntos<\/li>\n<li>Wi-Fi y Bluetooth<\/li>\n<\/ul>\n<h4>Contenido de la caja:<\/h4>\n<ul>\n<li>Bater\u00eda Olympus BLS-10<\/li>\n<li>Bater\u00eda Newell BLS-10<\/li>\n<li>Correa\/asa<\/li>\n<li>Cargador<\/li>\n<li>Tapa del cuerpo<\/li>\n<\/ul>\n<p>Nota: Todas las fotos mostradas son fotos reales del art\u00edculo.<\/p>\n","protected":false},"excerpt":{"rendered":"<ul>\n<li>Semi nova<\/li>\n<li>Garantia at\u00e9 03\/12\/2028<\/li>\n<li>Sem informa\u00e7\u00e3o de disparos<\/li>\n<\/ul>\n","protected":false},"featured_media":99989,"comment_status":"open","ping_status":"closed","template":"","meta":{"_acf_changed":false},"product_brand":[2540],"product_cat":[1550],"product_tag":[],"class_list":{"0":"post-99988","1":"product","2":"type-product","3":"status-publish","4":"has-post-thumbnail","6":"product_brand-om-system-es","7":"product_cat-camaras-2a-mano","9":"first","10":"instock","11":"taxable","12":"shipping-taxable","13":"purchasable","14":"product-type-simple"},"bundled_by":[],"bundle_stock_status":"instock","bundle_stock_quantity":1,"bundle_virtual":false,"bundle_layout":"","bundle_add_to_cart_form_location":"","bundle_editable_in_cart":false,"bundle_sold_individually_context":"","bundle_item_grouping":"","bundle_min_size":"","bundle_max_size":"","bundle_price":[],"bundled_items":[],"bundle_sell_ids":[],"acf":[],"_links":{"self":[{"href":"https:\/\/hi-techwonder.com\/es\/wp-json\/wp\/v2\/product\/99988","targetHints":{"allow":["GET"]}}],"collection":[{"href":"https:\/\/hi-techwonder.com\/es\/wp-json\/wp\/v2\/product"}],"about":[{"href":"https:\/\/hi-techwonder.com\/es\/wp-json\/wp\/v2\/types\/product"}],"replies":[{"embeddable":true,"href":"https:\/\/hi-techwonder.com\/es\/wp-json\/wp\/v2\/comments?post=99988"}],"wp:featuredmedia":[{"embeddable":true,"href":"https:\/\/hi-techwonder.com\/es\/wp-json\/wp\/v2\/media\/99989"}],"wp:attachment":[{"href":"https:\/\/hi-techwonder.com\/es\/wp-json\/wp\/v2\/media?parent=99988"}],"wp:term":[{"taxonomy":"product_brand","embeddable":true,"href":"https:\/\/hi-techwonder.com\/es\/wp-json\/wp\/v2\/product_brand?post=99988"},{"taxonomy":"product_cat","embeddable":true,"href":"https:\/\/hi-techwonder.com\/es\/wp-json\/wp\/v2\/product_cat?post=99988"},{"taxonomy":"product_tag","embeddable":true,"href":"https:\/\/hi-techwonder.com\/es\/wp-json\/wp\/v2\/product_tag?post=99988"}],"curies":[{"name":"wp","href":"https:\/\/api.w.org\/{rel}","templated":true}]}}